{"id":1674,"date":"2021-04-09T09:27:37","date_gmt":"2021-04-09T09:27:37","guid":{"rendered":"https:\/\/luxlifedesigns.com\/accommodation\/"},"modified":"2025-07-21T17:25:22","modified_gmt":"2025-07-21T15:25:22","slug":"we-offer","status":"publish","type":"page","link":"https:\/\/luxlifedesigns.com\/srb\/we-offer\/","title":{"rendered":"We offer&#8230;"},"content":{"rendered":"<div data-elementor-type=\"wp-page\" data-elementor-id=\"1674\" class=\"elementor elementor-1674\">\n\t\t\t\t\t\t<section class=\"elementor-section elementor-top-section elementor-element elementor-element-8d1dfef elementor-section-boxed elementor-section-height-default elementor-section-height-default\" data-id=\"8d1dfef\" data-element_type=\"section\" data-e-type=\"section\" data-settings=\"{&quot;background_background&quot;:&quot;classic&quot;}\">\n\t\t\t\t\t\t\t<div class=\"elementor-background-overlay\"><\/div>\n\t\t\t\t\t\t\t<div class=\"elementor-container elementor-column-gap-no\">\n\t\t\t\t\t<div class=\"elementor-column elementor-col-100 elementor-top-column elementor-element elementor-element-10d9502\" data-id=\"10d9502\" data-element_type=\"column\" data-e-type=\"column\">\n\t\t\t<div class=\"elementor-widget-wrap elementor-element-populated\">\n\t\t\t\t\t<div class=\"elementor-background-overlay\"><\/div>\n\t\t\t\t\t\t<div class=\"elementor-element elementor-element-a7077a2 elementor-widget-divider--view-line elementor-widget elementor-widget-divider\" data-id=\"a7077a2\" data-element_type=\"widget\" data-e-type=\"widget\" data-widget_type=\"divider.default\">\n\t\t\t\t<div class=\"elementor-widget-container\">\n\t\t\t\t\t\t\t<div class=\"elementor-divider\">\n\t\t\t<span class=\"elementor-divider-separator\">\n\t\t\t\t\t\t<\/span>\n\t\t<\/div>\n\t\t\t\t\t\t<\/div>\n\t\t\t\t<\/div>\n\t\t\t\t<div class=\"elementor-element elementor-element-23a9064 elementor-widget elementor-widget-heading\" data-id=\"23a9064\" data-element_type=\"widget\" data-e-type=\"widget\" data-widget_type=\"heading.default\">\n\t\t\t\t<div class=\"elementor-widget-container\">\n\t\t\t\t\t<h3 class=\"elementor-heading-title elementor-size-xl\">Na\u0161a ponuda...<\/h3>\t\t\t\t<\/div>\n\t\t\t\t<\/div>\n\t\t\t\t<div class=\"elementor-element elementor-element-6b3bf58 elementor-widget-divider--view-line elementor-widget elementor-widget-divider\" data-id=\"6b3bf58\" data-element_type=\"widget\" data-e-type=\"widget\" data-widget_type=\"divider.default\">\n\t\t\t\t<div class=\"elementor-widget-container\">\n\t\t\t\t\t\t\t<div class=\"elementor-divider\">\n\t\t\t<span class=\"elementor-divider-separator\">\n\t\t\t\t\t\t<\/span>\n\t\t<\/div>\n\t\t\t\t\t\t<\/div>\n\t\t\t\t<\/div>\n\t\t\t\t<div class=\"elementor-element elementor-element-b1b68be elementor-widget elementor-widget-spacer\" data-id=\"b1b68be\" data-element_type=\"widget\" data-e-type=\"widget\" data-widget_type=\"spacer.default\">\n\t\t\t\t<div class=\"elementor-widget-container\">\n\t\t\t\t\t\t\t<div class=\"elementor-spacer\">\n\t\t\t<div class=\"elementor-spacer-inner\"><\/div>\n\t\t<\/div>\n\t\t\t\t\t\t<\/div>\n\t\t\t\t<\/div>\n\t\t\t\t<div class=\"elementor-element elementor-element-ac0653c elementor-widget elementor-widget-text-editor\" data-id=\"ac0653c\" data-element_type=\"widget\" data-e-type=\"widget\" data-widget_type=\"text-editor.default\">\n\t\t\t\t<div class=\"elementor-widget-container\">\n\t\t\t\t\t\t\t\t\t<h4><span class=\"wsw-02\">&nbsp; &nbsp; &nbsp;<\/span><\/h4>\n<h4>&nbsp;<\/h4>\n<h4>Kod dizajna luksuznih enterijera, na\u0161 primarni cilj je Va\u0161e zadovoljstvo na\u0161im dizajnerskim re\u0161enjima koji \u0107e na osnovu Va\u0161ih \u017eelja izraditi na\u0161i iskusni dizajneri po\u0161tuju\u0107i Va\u0161e vreme i novac.<\/h4>\n<h4>Cena izrade idejnog re\u0161enja dizajna enterijera iznosi od  30 EUR \/ m2 u zavisnosti od veli\u010dine prostora. \n\nZa vi\u0161e prostorija ili ve\u0107e kvadrature cena je po dogovoru.<\/h4>\n<h4><span style=\"color: #debb2f;\">Kada nas anga\u017eujete, izradi\u0107emo za Vas savr\u0161eno, po meri ura\u0111eno re\u0161enje dizajna Va\u0161eg prostora.<\/span> Isporu\u010di\u0107emo Vam:<\/h4>\n<ul>\n<li>\n<h4>Idejno re\u0161enje rasporeda name\u0161taja i unutra\u0161njih arhitektonskih elemenat (pogled odozgo sa dimenzijama prostora, name\u0161taja i arhitektonskih elemenata).<\/h4>\n<\/li>\n<li>\n<h4>Realisti\u010dne 3D prikaze prostorija iz svih bitnih uglova gledanja (3D rendere).<\/h4>\n<\/li>\n<li>\n<h4>Video snimak - 3D animaciju prolaska kroz Va\u0161 budu\u0107i po \u017eelji ure\u0111eni enterijer.<\/h4>\n<\/li>\n<li>\n<h4>Savete za kupovinu name\u0161taja.<\/h4>\n<\/li>\n<\/ul>\t\t\t\t\t\t\t\t<\/div>\n\t\t\t\t<\/div>\n\t\t\t\t<div class=\"elementor-element elementor-element-8007e96 elementor-widget elementor-widget-spacer\" data-id=\"8007e96\" data-element_type=\"widget\" data-e-type=\"widget\" data-widget_type=\"spacer.default\">\n\t\t\t\t<div class=\"elementor-widget-container\">\n\t\t\t\t\t\t\t<div class=\"elementor-spacer\">\n\t\t\t<div class=\"elementor-spacer-inner\"><\/div>\n\t\t<\/div>\n\t\t\t\t\t\t<\/div>\n\t\t\t\t<\/div>\n\t\t\t\t<div class=\"elementor-element elementor-element-1045c51 elementor-widget elementor-widget-spacer\" data-id=\"1045c51\" data-element_type=\"widget\" data-e-type=\"widget\" data-widget_type=\"spacer.default\">\n\t\t\t\t<div class=\"elementor-widget-container\">\n\t\t\t\t\t\t\t<div class=\"elementor-spacer\">\n\t\t\t<div class=\"elementor-spacer-inner\"><\/div>\n\t\t<\/div>\n\t\t\t\t\t\t<\/div>\n\t\t\t\t<\/div>\n\t\t\t\t\t<\/div>\n\t\t<\/div>\n\t\t\t\t\t<\/div>\n\t\t<\/section>\n\t\t\t\t<\/div>","protected":false},"excerpt":{"rendered":"<p>We offer&#8230; &nbsp; &nbsp; &nbsp; &nbsp; At &#8220;Lux Life Designs,&#8221; our primary focus is your satisfaction with our interior design solutions, which we will achieve together while respecting your preferences. The cost of creating the conceptual interior design solution varies depending on the complexity and size of the space. The average price for interior design [&hellip;]<\/p>\n","protected":false},"author":1,"featured_media":0,"parent":0,"menu_order":0,"comment_status":"closed","ping_status":"closed","template":"","meta":{"site-sidebar-layout":"no-sidebar","site-content-layout":"page-builder","ast-site-content-layout":"full-width-container","site-content-style":"unboxed","site-sidebar-style":"unboxed","ast-global-header-display":"","ast-banner-title-visibility":"","ast-main-header-display":"","ast-hfb-above-header-display":"","ast-hfb-below-header-display":"","ast-hfb-mobile-header-display":"","site-post-title":"disabled","ast-breadcrumbs-content":"disabled","ast-featured-img":"disabled","footer-sml-layout":"","ast-disable-related-posts":"","theme-transparent-header-meta":"enabled","adv-header-id-meta":"","stick-header-meta":"","header-above-stick-meta":"","header-main-stick-meta":"","header-below-stick-meta":"","astra-migrate-meta-layouts":"set","ast-page-background-enabled":"default","ast-page-background-meta":{"desktop":{"background-color":"","background-image":"","background-repeat":"repeat","background-position":"center center","background-size":"auto","background-attachment":"scroll","background-type":"","background-media":"","overlay-type":"","overlay-color":"","overlay-opacity":"","overlay-gradient":""},"tablet":{"background-color":"","background-image":"","background-repeat":"repeat","background-position":"center center","background-size":"auto","background-attachment":"scroll","background-type":"","background-media":"","overlay-type":"","overlay-color":"","overlay-opacity":"","overlay-gradient":""},"mobile":{"background-color":"","background-image":"","background-repeat":"repeat","background-position":"center center","background-size":"auto","background-attachment":"scroll","background-type":"","background-media":"","overlay-type":"","overlay-color":"","overlay-opacity":"","overlay-gradient":""}},"ast-content-background-meta":{"desktop":{"background-color":"var(--ast-global-color-5)","background-image":"","background-repeat":"repeat","background-position":"center center","background-size":"auto","background-attachment":"scroll","background-type":"","background-media":"","overlay-type":"","overlay-color":"","overlay-opacity":"","overlay-gradient":""},"tablet":{"background-color":"var(--ast-global-color-5)","background-image":"","background-repeat":"repeat","background-position":"center center","background-size":"auto","background-attachment":"scroll","background-type":"","background-media":"","overlay-type":"","overlay-color":"","overlay-opacity":"","overlay-gradient":""},"mobile":{"background-color":"var(--ast-global-color-5)","background-image":"","background-repeat":"repeat","background-position":"center center","background-size":"auto","background-attachment":"scroll","background-type":"","background-media":"","overlay-type":"","overlay-color":"","overlay-opacity":"","overlay-gradient":""}},"footnotes":""},"class_list":["post-1674","page","type-page","status-publish","hentry"],"yoast_head":"<!-- This site is optimized with the Yoast SEO plugin v27.5 - https:\/\/yoast.com\/product\/yoast-seo-wordpress\/ -->\n<title>We offer... - Unique Interior Design solutions for Your Luxurious Life<\/title>\n<meta name=\"description\" content=\"Unique Interior Design solutions - Transform your space into a haven of luxury with our exclusive interior design solutions. Elevate your lifestyle with meticulously crafted designs that reflect opulence and sophistication. Discover a world of tailored elegance and make your home or business a masterpiece of contemporary luxury. Unique&quot; is the keyword that defines our offerings. Our team strives to deliver tailor-made designs that not only meet but exceed your expectations. From furniture layout designs and realistic 3D renders to 3D animations, we bring your ideas to life in the most visually stunning way possible.\" \/>\n<meta name=\"robots\" content=\"index, follow, max-snippet:-1, max-image-preview:large, max-video-preview:-1\" \/>\n<link rel=\"canonical\" href=\"https:\/\/luxlifedesigns.com\/srb\/we-offer\/\" \/>\n<meta property=\"og:locale\" content=\"sr_RS\" \/>\n<meta property=\"og:type\" content=\"article\" \/>\n<meta property=\"og:title\" content=\"We offer... - Unique Interior Design solutions for Your Luxurious Life\" \/>\n<meta property=\"og:description\" content=\"Unique Interior Design solutions - Transform your space into a haven of luxury with our exclusive interior design solutions. Elevate your lifestyle with meticulously crafted designs that reflect opulence and sophistication. Discover a world of tailored elegance and make your home or business a masterpiece of contemporary luxury. Unique&quot; is the keyword that defines our offerings. Our team strives to deliver tailor-made designs that not only meet but exceed your expectations. From furniture layout designs and realistic 3D renders to 3D animations, we bring your ideas to life in the most visually stunning way possible.\" \/>\n<meta property=\"og:url\" content=\"https:\/\/luxlifedesigns.com\/srb\/we-offer\/\" \/>\n<meta property=\"og:site_name\" content=\"Unique Interior Design solutions for Your Luxurious Life\" \/>\n<meta property=\"article:modified_time\" content=\"2025-07-21T15:25:22+00:00\" \/>\n<meta name=\"twitter:card\" content=\"summary_large_image\" \/>\n<meta name=\"twitter:label1\" content=\"\u041f\u0440\u043e\u0446\u0435\u045a\u0435\u043d\u043e \u0432\u0440\u0435\u043c\u0435 \u0447\u0438\u0442\u0430\u045a\u0430\" \/>\n\t<meta name=\"twitter:data1\" content=\"1 \u043c\u0438\u043d\u0443\u0442\" \/>\n<script type=\"application\/ld+json\" class=\"yoast-schema-graph\">{\"@context\":\"https:\\\/\\\/schema.org\",\"@graph\":[{\"@type\":\"WebPage\",\"@id\":\"https:\\\/\\\/luxlifedesigns.com\\\/we-offer\\\/\",\"url\":\"https:\\\/\\\/luxlifedesigns.com\\\/we-offer\\\/\",\"name\":\"We offer... - Unique Interior Design solutions for Your Luxurious Life\",\"isPartOf\":{\"@id\":\"https:\\\/\\\/luxlifedesigns.com\\\/#website\"},\"datePublished\":\"2021-04-09T09:27:37+00:00\",\"dateModified\":\"2025-07-21T15:25:22+00:00\",\"description\":\"Unique Interior Design solutions - Transform your space into a haven of luxury with our exclusive interior design solutions. Elevate your lifestyle with meticulously crafted designs that reflect opulence and sophistication. Discover a world of tailored elegance and make your home or business a masterpiece of contemporary luxury. Unique\\\" is the keyword that defines our offerings. Our team strives to deliver tailor-made designs that not only meet but exceed your expectations. From furniture layout designs and realistic 3D renders to 3D animations, we bring your ideas to life in the most visually stunning way possible.\",\"breadcrumb\":{\"@id\":\"https:\\\/\\\/luxlifedesigns.com\\\/we-offer\\\/#breadcrumb\"},\"inLanguage\":\"sr-RS\",\"potentialAction\":[{\"@type\":\"ReadAction\",\"target\":[\"https:\\\/\\\/luxlifedesigns.com\\\/we-offer\\\/\"]}]},{\"@type\":\"BreadcrumbList\",\"@id\":\"https:\\\/\\\/luxlifedesigns.com\\\/we-offer\\\/#breadcrumb\",\"itemListElement\":[{\"@type\":\"ListItem\",\"position\":1,\"name\":\"Home\",\"item\":\"https:\\\/\\\/luxlifedesigns.com\\\/\"},{\"@type\":\"ListItem\",\"position\":2,\"name\":\"We offer&#8230;\"}]},{\"@type\":\"WebSite\",\"@id\":\"https:\\\/\\\/luxlifedesigns.com\\\/#website\",\"url\":\"https:\\\/\\\/luxlifedesigns.com\\\/\",\"name\":\"Unique Interior Design solutions for Your Luxurious Life\",\"description\":\"&quot;Lux Life Designs&quot; is a website that provides designer solutions for the decoration of various interiors (apartments, houses, villas, hotels, offices, service, and retail spaces) in a short timeframe and at an affordable cost.\",\"publisher\":{\"@id\":\"https:\\\/\\\/luxlifedesigns.com\\\/#organization\"},\"potentialAction\":[{\"@type\":\"SearchAction\",\"target\":{\"@type\":\"EntryPoint\",\"urlTemplate\":\"https:\\\/\\\/luxlifedesigns.com\\\/?s={search_term_string}\"},\"query-input\":{\"@type\":\"PropertyValueSpecification\",\"valueRequired\":true,\"valueName\":\"search_term_string\"}}],\"inLanguage\":\"sr-RS\"},{\"@type\":\"Organization\",\"@id\":\"https:\\\/\\\/luxlifedesigns.com\\\/#organization\",\"name\":\"Unique Interior Design solutions for Your Luxurious Life\",\"url\":\"https:\\\/\\\/luxlifedesigns.com\\\/\",\"logo\":{\"@type\":\"ImageObject\",\"inLanguage\":\"sr-RS\",\"@id\":\"https:\\\/\\\/luxlifedesigns.com\\\/#\\\/schema\\\/logo\\\/image\\\/\",\"url\":\"https:\\\/\\\/luxlifedesigns.com\\\/wp-content\\\/uploads\\\/2024\\\/01\\\/cropped-Lux-Life-designs-LOGO-2.jpg\",\"contentUrl\":\"https:\\\/\\\/luxlifedesigns.com\\\/wp-content\\\/uploads\\\/2024\\\/01\\\/cropped-Lux-Life-designs-LOGO-2.jpg\",\"width\":512,\"height\":512,\"caption\":\"Unique Interior Design solutions for Your Luxurious Life\"},\"image\":{\"@id\":\"https:\\\/\\\/luxlifedesigns.com\\\/#\\\/schema\\\/logo\\\/image\\\/\"}}]}<\/script>\n<!-- \/ Yoast SEO plugin. -->","yoast_head_json":{"title":"We offer... - Unique Interior Design solutions for Your Luxurious Life","description":"Unique Interior Design solutions - Transform your space into a haven of luxury with our exclusive interior design solutions. Elevate your lifestyle with meticulously crafted designs that reflect opulence and sophistication. Discover a world of tailored elegance and make your home or business a masterpiece of contemporary luxury. Unique\" is the keyword that defines our offerings. Our team strives to deliver tailor-made designs that not only meet but exceed your expectations. From furniture layout designs and realistic 3D renders to 3D animations, we bring your ideas to life in the most visually stunning way possible.","robots":{"index":"index","follow":"follow","max-snippet":"max-snippet:-1","max-image-preview":"max-image-preview:large","max-video-preview":"max-video-preview:-1"},"canonical":"https:\/\/luxlifedesigns.com\/srb\/we-offer\/","og_locale":"sr_RS","og_type":"article","og_title":"We offer... - Unique Interior Design solutions for Your Luxurious Life","og_description":"Unique Interior Design solutions - Transform your space into a haven of luxury with our exclusive interior design solutions. Elevate your lifestyle with meticulously crafted designs that reflect opulence and sophistication. Discover a world of tailored elegance and make your home or business a masterpiece of contemporary luxury. Unique\" is the keyword that defines our offerings. Our team strives to deliver tailor-made designs that not only meet but exceed your expectations. From furniture layout designs and realistic 3D renders to 3D animations, we bring your ideas to life in the most visually stunning way possible.","og_url":"https:\/\/luxlifedesigns.com\/srb\/we-offer\/","og_site_name":"Unique Interior Design solutions for Your Luxurious Life","article_modified_time":"2025-07-21T15:25:22+00:00","twitter_card":"summary_large_image","twitter_misc":{"\u041f\u0440\u043e\u0446\u0435\u045a\u0435\u043d\u043e \u0432\u0440\u0435\u043c\u0435 \u0447\u0438\u0442\u0430\u045a\u0430":"1 \u043c\u0438\u043d\u0443\u0442"},"schema":{"@context":"https:\/\/schema.org","@graph":[{"@type":"WebPage","@id":"https:\/\/luxlifedesigns.com\/we-offer\/","url":"https:\/\/luxlifedesigns.com\/we-offer\/","name":"We offer... - Unique Interior Design solutions for Your Luxurious Life","isPartOf":{"@id":"https:\/\/luxlifedesigns.com\/#website"},"datePublished":"2021-04-09T09:27:37+00:00","dateModified":"2025-07-21T15:25:22+00:00","description":"Unique Interior Design solutions - Transform your space into a haven of luxury with our exclusive interior design solutions. Elevate your lifestyle with meticulously crafted designs that reflect opulence and sophistication. Discover a world of tailored elegance and make your home or business a masterpiece of contemporary luxury. Unique\" is the keyword that defines our offerings. Our team strives to deliver tailor-made designs that not only meet but exceed your expectations. From furniture layout designs and realistic 3D renders to 3D animations, we bring your ideas to life in the most visually stunning way possible.","breadcrumb":{"@id":"https:\/\/luxlifedesigns.com\/we-offer\/#breadcrumb"},"inLanguage":"sr-RS","potentialAction":[{"@type":"ReadAction","target":["https:\/\/luxlifedesigns.com\/we-offer\/"]}]},{"@type":"BreadcrumbList","@id":"https:\/\/luxlifedesigns.com\/we-offer\/#breadcrumb","itemListElement":[{"@type":"ListItem","position":1,"name":"Home","item":"https:\/\/luxlifedesigns.com\/"},{"@type":"ListItem","position":2,"name":"We offer&#8230;"}]},{"@type":"WebSite","@id":"https:\/\/luxlifedesigns.com\/#website","url":"https:\/\/luxlifedesigns.com\/","name":"Unique Interior Design solutions for Your Luxurious Life","description":"&quot;Lux Life Designs&quot; is a website that provides designer solutions for the decoration of various interiors (apartments, houses, villas, hotels, offices, service, and retail spaces) in a short timeframe and at an affordable cost.","publisher":{"@id":"https:\/\/luxlifedesigns.com\/#organization"},"potentialAction":[{"@type":"SearchAction","target":{"@type":"EntryPoint","urlTemplate":"https:\/\/luxlifedesigns.com\/?s={search_term_string}"},"query-input":{"@type":"PropertyValueSpecification","valueRequired":true,"valueName":"search_term_string"}}],"inLanguage":"sr-RS"},{"@type":"Organization","@id":"https:\/\/luxlifedesigns.com\/#organization","name":"Unique Interior Design solutions for Your Luxurious Life","url":"https:\/\/luxlifedesigns.com\/","logo":{"@type":"ImageObject","inLanguage":"sr-RS","@id":"https:\/\/luxlifedesigns.com\/#\/schema\/logo\/image\/","url":"https:\/\/luxlifedesigns.com\/wp-content\/uploads\/2024\/01\/cropped-Lux-Life-designs-LOGO-2.jpg","contentUrl":"https:\/\/luxlifedesigns.com\/wp-content\/uploads\/2024\/01\/cropped-Lux-Life-designs-LOGO-2.jpg","width":512,"height":512,"caption":"Unique Interior Design solutions for Your Luxurious Life"},"image":{"@id":"https:\/\/luxlifedesigns.com\/#\/schema\/logo\/image\/"}}]}},"_links":{"self":[{"href":"https:\/\/luxlifedesigns.com\/srb\/wp-json\/wp\/v2\/pages\/1674","targetHints":{"allow":["GET"]}}],"collection":[{"href":"https:\/\/luxlifedesigns.com\/srb\/wp-json\/wp\/v2\/pages"}],"about":[{"href":"https:\/\/luxlifedesigns.com\/srb\/wp-json\/wp\/v2\/types\/page"}],"author":[{"embeddable":true,"href":"https:\/\/luxlifedesigns.com\/srb\/wp-json\/wp\/v2\/users\/1"}],"replies":[{"embeddable":true,"href":"https:\/\/luxlifedesigns.com\/srb\/wp-json\/wp\/v2\/comments?post=1674"}],"version-history":[{"count":35,"href":"https:\/\/luxlifedesigns.com\/srb\/wp-json\/wp\/v2\/pages\/1674\/revisions"}],"predecessor-version":[{"id":2755,"href":"https:\/\/luxlifedesigns.com\/srb\/wp-json\/wp\/v2\/pages\/1674\/revisions\/2755"}],"wp:attachment":[{"href":"https:\/\/luxlifedesigns.com\/srb\/wp-json\/wp\/v2\/media?parent=1674"}],"curies":[{"name":"wp","href":"https:\/\/api.w.org\/{rel}","templated":true}]}}